{"id":3094,"date":"2025-10-02T10:31:16","date_gmt":"2025-10-02T09:31:16","guid":{"rendered":"https:\/\/azjacars.pl\/?page_id=3094"},"modified":"2025-10-02T11:13:47","modified_gmt":"2025-10-02T10:13:47","slug":"polityka-prywatnosci-serwisu-internetowego-azjacars-pl","status":"publish","type":"page","link":"https:\/\/azjacars.pl\/?page_id=3094","title":{"rendered":"Polityka Prywatno\u015bci"},"content":{"rendered":"<h2 class=\"\">Polityka Prywatno\u015bci Serwisu Internetowego AzjaCars.pl<\/h2>\n<p>&nbsp;<\/p>\n<h3 class=\"\">1. Informacje Og\u00f3lne i Administrator Danych Osobowych<\/h3>\n<p>&nbsp;<\/p>\n<ol start=\"1\">\n<li><b class=\"\">Administrator Danych Osobowych:<\/b> Administratorem danych osobowych U\u017cytkownik\u00f3w zbieranych za po\u015brednictwem Serwisu AzjaCars.pl jest:\n<ul>\n<li><b class=\"\">MJP Przemys\u0142aw Sychta, 35-614 Rzesz\u00f3w, \u015bw Kingi 14\/2<\/b><\/li>\n<li><b class=\"\">Numer KRS\/NIP:<\/b> 6852255372<\/li>\n<li><b class=\"\">Adres e-mail kontaktowy w sprawie RODO:<\/b> przemyslawsychta@gmail.com (dalej jako <b class=\"\">Administrator<\/b>).<\/li>\n<\/ul>\n<\/li>\n<li><b class=\"\">Cel Polityki:<\/b> Niniejsza Polityka Prywatno\u015bci ma charakter informacyjny i okre\u015bla zasady przetwarzania, gromadzenia i ochrony danych osobowych U\u017cytkownik\u00f3w Serwisu, zgodnie z <b class=\"\">Rozporz\u0105dzeniem Parlamentu Europejskiego i Rady (UE) 2016\/679 (RODO)<\/b>.<\/li>\n<li><b class=\"\">Zakres Zastosowania:<\/b> Polityka dotyczy wszystkich danych osobowych przetwarzanych przez Administratora w zwi\u0105zku z korzystaniem z Serwisu AzjaCars.pl.<\/li>\n<\/ol>\n<h3><\/h3>\n<h3 class=\"\">2. Rodzaje i Cele Przetwarzania Danych Osobowych<\/h3>\n<p>&nbsp;<\/p>\n<p>Administrator mo\u017ce przetwarza\u0107 dane osobowe w nast\u0119puj\u0105cych celach, w zale\u017cno\u015bci od sposobu korzystania z Serwisu przez U\u017cytkownika:<\/p>\n<div class=\"horizontal-scroll-wrapper\">\n<div class=\"table-block-component\">\n<div class=\"table-block has-export-button\">\n<div class=\"table-content not-end-of-paragraph\" data-hveid=\"0\" data-ved=\"0CAAQ3ecQahcKEwjuwqmSl4WQAxUAAAAAHQAAAAAQXg\">\n<table>\n<thead>\n<tr>\n<td>Spos\u00f3b korzystania \/ Czynno\u015b\u0107<\/td>\n<td>Rodzaj gromadzonych danych<\/td>\n<td>Podstawa prawna przetwarzania (RODO)<\/td>\n<td>Cel przetwarzania<\/td>\n<\/tr>\n<\/thead>\n<tbody>\n<tr>\n<td><b>Formularz Kontaktowy<\/b><\/td>\n<td>Imi\u0119, adres e-mail, tre\u015b\u0107 zapytania.<\/td>\n<td>Art. 6 ust. 1 lit. f RODO (prawnie uzasadniony interes Administratora, jakim jest komunikacja z U\u017cytkownikiem).<\/td>\n<td>Obs\u0142uga zapyta\u0144 i komunikacja zwrotna.<\/td>\n<\/tr>\n<tr>\n<td><b>Subskrypcja Newslettera<\/b><\/td>\n<td>Adres e-mail.<\/td>\n<td>Art. 6 ust. 1 lit. a RODO (zgoda U\u017cytkownika).<\/td>\n<td>Wysy\u0142ka informacji o nowo\u015bciach, artyku\u0142ach i promocjach.<\/td>\n<\/tr>\n<tr>\n<td><b>Statystyka Serwisu<\/b> (za pomoc\u0105 plik\u00f3w cookies)<\/td>\n<td>Adres IP, dane geolokalizacyjne, identyfikatory urz\u0105dze\u0144, dane o zachowaniu w Serwisie.<\/td>\n<td>Art. 6 ust. 1 lit. f RODO (prawnie uzasadniony interes Administratora, jakim jest optymalizacja i analiza dzia\u0142ania Serwisu).<\/td>\n<td>Analiza ruchu i zachowa\u0144 U\u017cytkownik\u00f3w dla ulepszenia Serwisu.<\/td>\n<\/tr>\n<tr>\n<td><b>Ustalenie i dochodzenie roszcze\u0144<\/b><\/td>\n<td>Adres IP, data i godzina logowania, inne niezb\u0119dne dane.<\/td>\n<td>Art. 6 ust. 1 lit. f RODO (prawnie uzasadniony interes Administratora, jakim jest obrona przed roszczeniami i ich dochodzenie).<\/td>\n<td>Ochrona prawna Administratora.<\/td>\n<\/tr>\n<\/tbody>\n<\/table>\n<\/div>\n<div><\/div>\n<h3 class=\"table-footer hide-from-message-actions ng-star-inserted\">3. Prawa U\u017cytkownika (Prawa Podmiot\u00f3w Danych)<\/h3>\n<p>&nbsp;<\/p>\n<\/div>\n<\/div>\n<\/div>\n<p>Ka\u017cdy U\u017cytkownik ma prawo do:<\/p>\n<ol start=\"1\">\n<li><b class=\"\">Prawo dost\u0119pu<\/b> do swoich danych (Art. 15 RODO).<\/li>\n<li><b class=\"\">Prawo do sprostowania<\/b> (poprawiania) swoich danych (Art. 16 RODO).<\/li>\n<li><b class=\"\">Prawo do usuni\u0119cia<\/b> danych (&#8222;prawo do bycia zapomnianym&#8221;) (Art. 17 RODO).<\/li>\n<li><b class=\"\">Prawo do ograniczenia<\/b> przetwarzania danych (Art. 18 RODO).<\/li>\n<li><b class=\"\">Prawo do przenoszenia<\/b> danych (Art. 20 RODO).<\/li>\n<li><b class=\"\">Prawo do wniesienia sprzeciwu<\/b> wobec przetwarzania danych opartego na prawnie uzasadnionym interesie (Art. 21 RODO).<\/li>\n<li><b class=\"\">Prawo do cofni\u0119cia zgody<\/b> w dowolnym momencie (je\u015bli przetwarzanie odbywa si\u0119 na podstawie zgody). Cofni\u0119cie zgody nie wp\u0142ywa na zgodno\u015b\u0107 z prawem przetwarzania, kt\u00f3rego dokonano na podstawie zgody przed jej cofni\u0119ciem.<\/li>\n<\/ol>\n<p>Aby skorzysta\u0107 z powy\u017cszych praw, U\u017cytkownik powinien skontaktowa\u0107 si\u0119 z Administratorem, korzystaj\u0105c z danych kontaktowych podanych w punkcie 1.<\/p>\n<h3><\/h3>\n<h3 class=\"\">4. Okres Przechowywania Danych<\/h3>\n<p>&nbsp;<\/p>\n<p>Dane osobowe b\u0119d\u0105 przechowywane przez okres niezb\u0119dny do realizacji cel\u00f3w okre\u015blonych w punkcie 2, a nast\u0119pnie:<\/p>\n<ol start=\"1\">\n<li>Dane przetwarzane na podstawie <b class=\"\">zgody<\/b> (np. Newsletter) s\u0105 przechowywane do czasu jej <b class=\"\">wycofania<\/b>.<\/li>\n<li>Dane przetwarzane w celu obs\u0142ugi <b class=\"\">zapytania kontaktowego<\/b> s\u0105 przechowywane do czasu zako\u0144czenia komunikacji i przez 6 miesi\u0119cy po jej zako\u0144czeniu w celu archiwizacji korespondencji.<\/li>\n<li>Dane przetwarzane w celu <b class=\"\">analizy i statystyki<\/b> s\u0105 przechowywane przez czas okre\u015blony w ustawieniach plik\u00f3w cookie, jednak nie d\u0142u\u017cej ni\u017c 12 miesi\u0119cy.<\/li>\n<li>Po up\u0142ywie w\/w okres\u00f3w dane mog\u0105 by\u0107 przechowywane w celu <b class=\"\">dochodzenia lub obrony przed roszczeniami<\/b> (zazwyczaj do 6 lat).<\/li>\n<\/ol>\n<h3><\/h3>\n<h3 class=\"\">5. Odbiorcy Danych Osobowych<\/h3>\n<p>&nbsp;<\/p>\n<p>Dane U\u017cytkownik\u00f3w mog\u0105 by\u0107 przekazywane nast\u0119puj\u0105cym kategoriom podmiot\u00f3w:<\/p>\n<ol start=\"1\">\n<li><b class=\"\">Podmioty przetwarzaj\u0105ce<\/b> (tzw. procesorzy), kt\u00f3re \u015bwiadcz\u0105 us\u0142ugi na rzecz Administratora,<span class=\"animating\"> np.<\/span> dostawcy us\u0142ug hostingowych, firmy obs\u0142uguj\u0105ce systemy IT, dostawcy us\u0142ug marketingowych. Administrator korzysta wy\u0142\u0105cznie z us\u0142ug podmiot\u00f3w gwarantuj\u0105cych bezpiecze\u0144stwo danych.<\/li>\n<li><b>Organy publiczne<\/b> (np. Policja, prokuratura, s\u0105dy) w zakresie, w jakim jest to wymagane przez przepisy prawa.<\/li>\n<\/ol>\n<h3><\/h3>\n<h3>6. Pliki Cookies (Ciasteczka)<\/h3>\n<p>&nbsp;<\/p>\n<ol start=\"1\">\n<li>Serwis wykorzystuje <b>pliki cookies<\/b> (niewielkie pliki tekstowe zapisywane na urz\u0105dzeniu U\u017cytkownika).<\/li>\n<li><b>Rodzaje cookies:<\/b>\n<ul>\n<li><b>Techniczne (niezb\u0119dne):<\/b> Umo\u017cliwiaj\u0105ce prawid\u0142owe dzia\u0142anie Serwisu.<\/li>\n<li><b>Analityczne\/Statystyczne:<\/b> Pomagaj\u0105ce w mierzeniu ruchu i zachowa\u0144 U\u017cytkownik\u00f3w.<\/li>\n<\/ul>\n<\/li>\n<li><b>Zgoda:<\/b> Zgodnie z Prawem Telekomunikacyjnym, U\u017cytkownik jest proszony o <b>wyra\u017cenie zgody<\/b> na u\u017cycie plik\u00f3w cookies innych ni\u017c technicznie niezb\u0119dne. Zgoda ta jest wyra\u017cana za po\u015brednictwem <b>bannera\/komunikatu cookie<\/b> przy pierwszej wizycie w Serwisie.<\/li>\n<li><b>Zarz\u0105dzanie:<\/b> U\u017cytkownik mo\u017ce w ka\u017cdej chwili <b>zmieni\u0107 ustawienia<\/b> dotycz\u0105ce cookies w swojej przegl\u0105darce internetowej (zablokowa\u0107 je lub usun\u0105\u0107). Mo\u017ce to jednak negatywnie wp\u0142yn\u0105\u0107 na funkcjonalno\u015b\u0107 Serwisu.<\/li>\n<\/ol>\n<h3><\/h3>\n<h3>7. Skarga do Organu Nadzorczego<\/h3>\n<p>&nbsp;<\/p>\n<p>W przypadku uznania, \u017ce przetwarzanie danych osobowych narusza przepisy RODO, U\u017cytkownikowi przys\u0142uguje <b>prawo wniesienia skargi<\/b> do <b>Prezesa Urz\u0119du Ochrony Danych Osobowych<\/b> (PUODO).<\/p>\n<h3><\/h3>\n<h3>8. Postanowienia Ko\u0144cowe<\/h3>\n<p>&nbsp;<\/p>\n<ol start=\"1\">\n<li>Polityka wchodzi w \u017cycie z dniem <b>01.10.2025<\/b>.<\/li>\n<li>Administrator zastrzega sobie prawo do wprowadzania zmian w Polityce Prywatno\u015bci, o czym U\u017cytkownicy zostan\u0105 poinformowani przez publikacj\u0119 nowej wersji na stronie Serwisu<\/li>\n<\/ol>\n","protected":false},"excerpt":{"rendered":"<p>Polityka Prywatno\u015bci Serwisu Internetowego AzjaCars.pl &nbsp; 1. Informacje Og\u00f3lne i [&hellip;]<\/p>\n","protected":false},"author":65,"featured_media":0,"parent":0,"menu_order":0,"comment_status":"closed","ping_status":"closed","template":"","meta":{"footnotes":""},"class_list":["post-3094","page","type-page","status-publish","hentry"],"acf":[],"_links":{"self":[{"href":"https:\/\/azjacars.pl\/index.php?rest_route=\/wp\/v2\/pages\/3094","targetHints":{"allow":["GET"]}}],"collection":[{"href":"https:\/\/azjacars.pl\/index.php?rest_route=\/wp\/v2\/pages"}],"about":[{"href":"https:\/\/azjacars.pl\/index.php?rest_route=\/wp\/v2\/types\/page"}],"author":[{"embeddable":true,"href":"https:\/\/azjacars.pl\/index.php?rest_route=\/wp\/v2\/users\/65"}],"replies":[{"embeddable":true,"href":"https:\/\/azjacars.pl\/index.php?rest_route=%2Fwp%2Fv2%2Fcomments&post=3094"}],"version-history":[{"count":5,"href":"https:\/\/azjacars.pl\/index.php?rest_route=\/wp\/v2\/pages\/3094\/revisions"}],"predecessor-version":[{"id":3114,"href":"https:\/\/azjacars.pl\/index.php?rest_route=\/wp\/v2\/pages\/3094\/revisions\/3114"}],"wp:attachment":[{"href":"https:\/\/azjacars.pl\/index.php?rest_route=%2Fwp%2Fv2%2Fmedia&parent=3094"}],"curies":[{"name":"wp","href":"https:\/\/api.w.org\/{rel}","templated":true}]}}